{"id":517,"date":"2026-01-26T17:20:35","date_gmt":"2026-01-26T14:20:35","guid":{"rendered":"https:\/\/posethammaddesi.com\/ps-polistiren\/"},"modified":"2026-03-27T10:59:40","modified_gmt":"2026-03-27T07:59:40","slug":"ps-polistiren","status":"publish","type":"page","link":"https:\/\/posethammaddesi.com\/en\/ps-polistiren\/","title":{"rendered":"PS Polistiren"},"content":{"rendered":"\t\t<div data-elementor-type=\"wp-page\" data-elementor-id=\"517\" class=\"elementor elementor-517 elementor-367\" data-elementor-post-type=\"page\">\n\t\t\t\t<div class=\"elementor-element elementor-element-4b00c8f5 e-flex e-con-boxed e-con e-parent\" data-id=\"4b00c8f5\" data-element_type=\"container\" data-e-type=\"container\" data-settings=\"{&quot;background_background&quot;:&quot;classic&quot;}\">\n\t\t\t\t\t<div class=\"e-con-inner\">\n\t\t<div class=\"elementor-element elementor-element-59107ebd e-flex e-con-boxed e-con e-child\" data-id=\"59107ebd\" data-element_type=\"container\" data-e-type=\"container\">\n\t\t\t\t\t<div class=\"e-con-inner\">\n\t\t\t\t<div class=\"elementor-element elementor-element-7842ccd5 elementor-widget elementor-widget-heading\" data-id=\"7842ccd5\" data-element_type=\"widget\" data-e-type=\"widget\" data-widget_type=\"heading.default\">\n\t\t\t\t\t<h1 class=\"elementor-heading-title elementor-size-default\">PS Polistiren<\/h1>\t\t\t\t<\/div>\n\t\t\t\t\t<\/div>\n\t\t\t\t<\/div>\n\t\t\t\t\t<\/div>\n\t\t\t\t<\/div>\n\t\t<div class=\"elementor-element elementor-element-558b8d5 e-flex e-con-boxed e-con e-parent\" data-id=\"558b8d5\" data-element_type=\"container\" data-e-type=\"container\">\n\t\t\t\t\t<div class=\"e-con-inner\">\n\t\t\t\t<div class=\"elementor-element elementor-element-fdda707 elementor-widget elementor-widget-text-editor\" data-id=\"fdda707\" data-element_type=\"widget\" data-e-type=\"widget\" data-widget_type=\"text-editor.default\">\n\t\t\t\t\t\t\t\t\t<table data-path-to-node=\"2\"><thead><tr><td><strong>Category<\/strong><\/td><td><strong>Brand<\/strong><\/td><td><strong>Code<\/strong><\/td><td><strong>Origin<\/strong><\/td><td><strong>Type<\/strong><\/td><td><strong>MFI<\/strong><\/td><\/tr><\/thead><tbody><tr><td><span data-path-to-node=\"2,1,0,0\">GPPS<\/span><\/td><td><span data-path-to-node=\"2,1,1,0\">ARTAN PETRO<\/span><\/td><td><span data-path-to-node=\"2,1,2,0\">AP1309<\/span><\/td><td><span data-path-to-node=\"2,1,3,0\">Saudi Arabia<\/span><\/td><td><span data-path-to-node=\"2,1,4,0\">Injection Molding<\/span><\/td><td><span data-path-to-node=\"2,1,5,0\">11<\/span><\/td><\/tr><tr><td><span data-path-to-node=\"2,2,0,0\">GPPS<\/span><\/td><td><span data-path-to-node=\"2,2,1,0\">ASCHEM<\/span><\/td><td><span data-path-to-node=\"2,2,2,0\">500<\/span><\/td><td><span data-path-to-node=\"2,2,3,0\">Turkey<\/span><\/td><td><span data-path-to-node=\"2,2,4,0\">Injection Molding<\/span><\/td><td><span data-path-to-node=\"2,2,5,0\">11<\/span><\/td><\/tr><tr><td><span data-path-to-node=\"2,3,0,0\">GPPS<\/span><\/td><td><span data-path-to-node=\"2,3,1,0\">ASCHEM<\/span><\/td><td><span data-path-to-node=\"2,3,2,0\">ASC PS 585<\/span><\/td><td><span data-path-to-node=\"2,3,3,0\">Turkey<\/span><\/td><td><span data-path-to-node=\"2,3,4,0\">Extrusion<\/span><\/td><td><span data-path-to-node=\"2,3,5,0\">2<\/span><\/td><\/tr><tr><td><span data-path-to-node=\"2,4,0,0\">GPPS<\/span><\/td><td><span data-path-to-node=\"2,4,1,0\">DIAMOND<\/span><\/td><td><span data-path-to-node=\"2,4,2,0\">GP500 N<\/span><\/td><td><span data-path-to-node=\"2,4,3,0\">Pakistan<\/span><\/td><td><span data-path-to-node=\"2,4,4,0\">Injection Molding<\/span><\/td><td><span data-path-to-node=\"2,4,5,0\">10<\/span><\/td><\/tr><tr><td><span data-path-to-node=\"2,5,0,0\">GPPS<\/span><\/td><td><span data-path-to-node=\"2,5,1,0\">D\u0130OK\u0130<\/span><\/td><td><span data-path-to-node=\"2,5,2,0\">610<\/span><\/td><td><span data-path-to-node=\"2,5,3,0\">Turkey<\/span><\/td><td><span data-path-to-node=\"2,5,4,0\">Injection Molding<\/span><\/td><td><span data-path-to-node=\"2,5,5,0\">11<\/span><\/td><\/tr><tr><td><span data-path-to-node=\"2,6,0,0\">GPPS<\/span><\/td><td><span data-path-to-node=\"2,6,1,0\">D\u0130OK\u0130<\/span><\/td><td><span data-path-to-node=\"2,6,2,0\">615<\/span><\/td><td><span data-path-to-node=\"2,6,3,0\">Turkey<\/span><\/td><td><span data-path-to-node=\"2,6,4,0\">Injection Molding<\/span><\/td><td><span data-path-to-node=\"2,6,5,0\">15<\/span><\/td><\/tr><tr><td><span data-path-to-node=\"2,7,0,0\">GPPS<\/span><\/td><td><span data-path-to-node=\"2,7,1,0\">ESTYRENICS<\/span><\/td><td><span data-path-to-node=\"2,7,2,0\">153D<\/span><\/td><td><span data-path-to-node=\"2,7,3,0\">Egypt<\/span><\/td><td><span data-path-to-node=\"2,7,4,0\">Injection Molding<\/span><\/td><td><span data-path-to-node=\"2,7,5,0\">7<\/span><\/td><\/tr><tr><td><span data-path-to-node=\"2,8,0,0\">GPPS<\/span><\/td><td><span data-path-to-node=\"2,8,1,0\">LIWAN<\/span><\/td><td><span data-path-to-node=\"2,8,2,0\">GP 525<\/span><\/td><td><span data-path-to-node=\"2,8,3,0\">China<\/span><\/td><td><span data-path-to-node=\"2,8,4,0\">Injection Molding<\/span><\/td><td><span data-path-to-node=\"2,8,5,0\">8<\/span><\/td><\/tr><tr><td><span data-path-to-node=\"2,9,0,0\">GPPS<\/span><\/td><td><span data-path-to-node=\"2,9,1,0\">SOLARENE<\/span><\/td><td><span data-path-to-node=\"2,9,2,0\">G 144<\/span><\/td><td><span data-path-to-node=\"2,9,3,0\">South Korea<\/span><\/td><td><span data-path-to-node=\"2,9,4,0\">Injection Molding<\/span><\/td><td><span data-path-to-node=\"2,9,5,0\">8.5<\/span><\/td><\/tr><tr><td><span data-path-to-node=\"2,10,0,0\">GPPS<\/span><\/td><td><span data-path-to-node=\"2,10,1,0\">TOTAL<\/span><\/td><td><span data-path-to-node=\"2,10,2,0\">1540<\/span><\/td><td><span data-path-to-node=\"2,10,3,0\">Europe<\/span><\/td><td><span data-path-to-node=\"2,10,4,0\">Injection Molding<\/span><\/td><td><span data-path-to-node=\"2,10,5,0\">12<\/span><\/td><\/tr><tr><td><span data-path-to-node=\"2,11,0,0\">HIPS<\/span><\/td><td><span data-path-to-node=\"2,11,1,0\">ASCHEM<\/span><\/td><td><span data-path-to-node=\"2,11,2,0\">825E<\/span><\/td><td><span data-path-to-node=\"2,11,3,0\">Turkey<\/span><\/td><td><span data-path-to-node=\"2,11,4,0\">Extrusion<\/span><\/td><td><span data-path-to-node=\"2,11,5,0\">4<\/span><\/td><\/tr><tr><td><span data-path-to-node=\"2,12,0,0\">HIPS<\/span><\/td><td><span data-path-to-node=\"2,12,1,0\">D\u0130OK\u0130<\/span><\/td><td><span data-path-to-node=\"2,12,2,0\">803<\/span><\/td><td><span data-path-to-node=\"2,12,3,0\">Turkey<\/span><\/td><td><span data-path-to-node=\"2,12,4,0\">Extrusion<\/span><\/td><td><span data-path-to-node=\"2,12,5,0\">4<\/span><\/td><\/tr><tr><td><span data-path-to-node=\"2,13,0,0\">HIPS<\/span><\/td><td><span data-path-to-node=\"2,13,1,0\">D\u0130OK\u0130<\/span><\/td><td><span data-path-to-node=\"2,13,2,0\">810<\/span><\/td><td><span data-path-to-node=\"2,13,3,0\">Turkey<\/span><\/td><td><span data-path-to-node=\"2,13,4,0\">Injection Molding<\/span><\/td><td><span data-path-to-node=\"2,13,5,0\">10<\/span><\/td><\/tr><tr><td><span data-path-to-node=\"2,14,0,0\">HIPS<\/span><\/td><td><span data-path-to-node=\"2,14,1,0\">SABIC<\/span><\/td><td><span data-path-to-node=\"2,14,2,0\">PS 330<\/span><\/td><td><span data-path-to-node=\"2,14,3,0\">Saudi Arabia<\/span><\/td><td><span data-path-to-node=\"2,14,4,0\">Extrusion<\/span><\/td><td><span data-path-to-node=\"2,14,5,0\">4<\/span><\/td><\/tr><tr><td><span data-path-to-node=\"2,15,0,0\">HIPS<\/span><\/td><td><span data-path-to-node=\"2,15,1,0\">SOLARENE<\/span><\/td><td><span data-path-to-node=\"2,15,2,0\">H-724<\/span><\/td><td><span data-path-to-node=\"2,15,3,0\">South Korea<\/span><\/td><td><span data-path-to-node=\"2,15,4,0\">Extrusion<\/span><\/td><td><span data-path-to-node=\"2,15,5,0\">5<\/span><\/td><\/tr><tr><td><span data-path-to-node=\"2,16,0,0\">HIPS<\/span><\/td><td><span data-path-to-node=\"2,16,1,0\">SUPREME<\/span><\/td><td><span data-path-to-node=\"2,16,2,0\">SH 731 E<\/span><\/td><td><span data-path-to-node=\"2,16,3,0\">India<\/span><\/td><td><span data-path-to-node=\"2,16,4,0\">Extrusion<\/span><\/td><td><span data-path-to-node=\"2,16,5,0\">4.5<\/span><\/td><\/tr><tr><td><span data-path-to-node=\"2,17,0,0\">HIPS<\/span><\/td><td><span data-path-to-node=\"2,17,1,0\">TOTAL<\/span><\/td><td><span data-path-to-node=\"2,17,2,0\">7240<\/span><\/td><td><span data-path-to-node=\"2,17,3,0\">Europe<\/span><\/td><td><span data-path-to-node=\"2,17,4,0\">Injection Molding<\/span><\/td><td><span data-path-to-node=\"2,17,5,0\">5<\/span><\/td><\/tr><\/tbody><\/table>\t\t\t\t\t\t\t\t<\/div>\n\t\t\t\t\t<\/div>\n\t\t\t\t<\/div>\n\t\t\t\t<\/div>\n\t\t","protected":false},"excerpt":{"rendered":"<p>Category Brand Code Origin Type MFI GPPS ARTAN PETRO AP1309 Saudi Arabia Injection Molding 11 GPPS ASCHEM 500 Turkey Injection Molding 11 GPPS ASCHEM ASC PS 585 Turkey Extrusion 2 GPPS DIAMOND GP500 N Pakistan Injection Molding 10 GPPS D\u0130OK\u0130 610 Turkey Injection Molding 11 GPPS D\u0130OK\u0130 615 Turkey Injection Molding 15 GPPS ESTYRENICS 153D [&hellip;]<\/p>\n","protected":false},"author":1,"featured_media":0,"parent":0,"menu_order":0,"comment_status":"closed","ping_status":"closed","template":"elementor_header_footer","meta":{"footnotes":""},"class_list":["post-517","page","type-page","status-publish","hentry"],"_links":{"self":[{"href":"https:\/\/posethammaddesi.com\/en\/wp-json\/wp\/v2\/pages\/517","targetHints":{"allow":["GET"]}}],"collection":[{"href":"https:\/\/posethammaddesi.com\/en\/wp-json\/wp\/v2\/pages"}],"about":[{"href":"https:\/\/posethammaddesi.com\/en\/wp-json\/wp\/v2\/types\/page"}],"author":[{"embeddable":true,"href":"https:\/\/posethammaddesi.com\/en\/wp-json\/wp\/v2\/users\/1"}],"replies":[{"embeddable":true,"href":"https:\/\/posethammaddesi.com\/en\/wp-json\/wp\/v2\/comments?post=517"}],"version-history":[{"count":7,"href":"https:\/\/posethammaddesi.com\/en\/wp-json\/wp\/v2\/pages\/517\/revisions"}],"predecessor-version":[{"id":605,"href":"https:\/\/posethammaddesi.com\/en\/wp-json\/wp\/v2\/pages\/517\/revisions\/605"}],"wp:attachment":[{"href":"https:\/\/posethammaddesi.com\/en\/wp-json\/wp\/v2\/media?parent=517"}],"curies":[{"name":"wp","href":"https:\/\/api.w.org\/{rel}","templated":true}]}}